{"id":56995,"date":"2017-05-05T12:07:34","date_gmt":"2017-05-05T10:07:34","guid":{"rendered":"https:\/\/undsgn.com\/uncode\/?page_id=56995"},"modified":"2022-12-11T16:30:49","modified_gmt":"2022-12-11T15:30:49","slug":"homepage","status":"publish","type":"page","link":"https:\/\/evl-mat.com\/","title":{"rendered":"HOMEPAGE"},"content":{"rendered":"<p>[vc_row unlock_row_content=\u00a0\u00bbyes\u00a0\u00bb row_height_percent=\u00a0\u00bb80&Prime; override_padding=\u00a0\u00bbyes\u00a0\u00bb h_padding=\u00a0\u00bb4&Prime; top_padding=\u00a0\u00bb2&Prime; bottom_padding=\u00a0\u00bb2&Prime; back_color=\u00a0\u00bbcolor-lxmt\u00a0\u00bb back_image=\u00a0\u00bb110536&Prime; back_position=\u00a0\u00bbcenter bottom\u00a0\u00bb parallax=\u00a0\u00bbyes\u00a0\u00bb overlay_color=\u00a0\u00bbcolor-jevc\u00a0\u00bb overlay_alpha=\u00a0\u00bb7&Prime; gutter_size=\u00a0\u00bb3&Prime; column_width_percent=\u00a0\u00bb100&Prime; shift_y=\u00a0\u00bb0&Prime; z_index=\u00a0\u00bb0&Prime; uncode_shortcode_id=\u00a0\u00bb203672&Prime; back_color_type=\u00a0\u00bbuncode-palette\u00a0\u00bb overlay_color_type=\u00a0\u00bbuncode-palette\u00a0\u00bb][vc_column column_width_percent=\u00a0\u00bb100&Prime; position_vertical=\u00a0\u00bbbottom\u00a0\u00bb gutter_size=\u00a0\u00bb0&Prime; style=\u00a0\u00bbdark\u00a0\u00bb overlay_alpha=\u00a0\u00bb50&Prime; shift_x=\u00a0\u00bb0&Prime; shift_y=\u00a0\u00bb0&Prime; shift_y_down=\u00a0\u00bb0&Prime; z_index=\u00a0\u00bb0&Prime; medium_width=\u00a0\u00bb0&Prime; mobile_width=\u00a0\u00bb0&Prime; width=\u00a0\u00bb1\/1&Prime; uncode_shortcode_id=\u00a0\u00bb405482&Prime;][\/vc_column][\/vc_row][vc_row unlock_row_content=\u00a0\u00bbyes\u00a0\u00bb row_height_percent=\u00a0\u00bb50&Prime; override_padding=\u00a0\u00bbyes\u00a0\u00bb h_padding=\u00a0\u00bb0&Prime; top_padding=\u00a0\u00bb0&Prime; bottom_padding=\u00a0\u00bb0&Prime; overlay_alpha=\u00a0\u00bb50&Prime; equal_height=\u00a0\u00bbyes\u00a0\u00bb gutter_size=\u00a0\u00bb0&Prime; shift_y=\u00a0\u00bb0&Prime;][vc_column column_width_percent=\u00a0\u00bb59&Prime; align_horizontal=\u00a0\u00bbalign_center\u00a0\u00bb gutter_size=\u00a0\u00bb0&Prime; overlay_alpha=\u00a0\u00bb50&Prime; shift_x=\u00a0\u00bb0&Prime; shift_y=\u00a0\u00bb0&Prime; shift_y_down=\u00a0\u00bb0&Prime; z_index=\u00a0\u00bb0&Prime; medium_width=\u00a0\u00bb0&Prime; mobile_width=\u00a0\u00bb0&Prime; width=\u00a0\u00bb1\/1&Prime; uncode_shortcode_id=\u00a0\u00bb179695&Prime;][vc_row_inner row_inner_height_percent=\u00a0\u00bb50&Prime; back_color=\u00a0\u00bbcolor-xsdn\u00a0\u00bb overlay_alpha=\u00a0\u00bb50&Prime; gutter_size=\u00a0\u00bb3&Prime; shift_y=\u00a0\u00bb0&Prime; limit_content=\u00a0\u00bb\u00a0\u00bb][vc_column_inner column_width_percent=\u00a0\u00bb100&Prime; gutter_size=\u00a0\u00bb2&Prime; override_padding=\u00a0\u00bbyes\u00a0\u00bb column_padding=\u00a0\u00bb4&Prime; overlay_alpha=\u00a0\u00bb50&Prime; shift_x=\u00a0\u00bb0&Prime; shift_y=\u00a0\u00bb0&Prime; shift_y_down=\u00a0\u00bb0&Prime; z_index=\u00a0\u00bb0&Prime; medium_width=\u00a0\u00bb0&Prime; mobile_width=\u00a0\u00bb0&Prime; css_animation=\u00a0\u00bbbottom-t-top\u00a0\u00bb animation_speed=\u00a0\u00bb700&Prime; width=\u00a0\u00bb1\/1&Prime; uncode_shortcode_id=\u00a0\u00bb137481&Prime;][vc_custom_heading text_size=\u00a0\u00bbh1&Prime; text_weight=\u00a0\u00bb700&Prime; text_transform=\u00a0\u00bbuppercase\u00a0\u00bb uncode_shortcode_id=\u00a0\u00bb155377&Prime;]25 ans d&rsquo;exp\u00e9rience[\/vc_custom_heading][vc_column_text text_lead=\u00a0\u00bbyes\u00a0\u00bb uncode_shortcode_id=\u00a0\u00bb154044&Prime;]EvL Mat propose un large panel d\u2019\u00e9quipements, de technologies adapt\u00e9es et avanc\u00e9es au service de l\u2019am\u00e9lioration de ces diff\u00e9rentes sp\u00e9cificit\u00e9s que sont l\u2019exploitation dans ces 2 domaines : Forestier et Ferroviaire<br \/>\nToujours \u00e0 l\u2019\u00e9coute des besoins de ses clients, EvL Mat maintient son conseil le plus appropri\u00e9 dans les diff\u00e9rents domaines qu\u2019il repr\u00e9sente et assure un service cl\u00e9 en main sur tous les mat\u00e9riels propos\u00e9s.[\/vc_column_text][\/vc_column_inner][\/vc_row_inner][\/vc_column][\/vc_row][vc_row unlock_row_content=\u00a0\u00bbyes\u00a0\u00bb row_height_percent=\u00a0\u00bb0&Prime; override_padding=\u00a0\u00bbyes\u00a0\u00bb h_padding=\u00a0\u00bb0&Prime; top_padding=\u00a0\u00bb0&Prime; bottom_padding=\u00a0\u00bb0&Prime; back_color=\u00a0\u00bbcolor-rgdb\u00a0\u00bb overlay_alpha=\u00a0\u00bb50&Prime; equal_height=\u00a0\u00bbyes\u00a0\u00bb gutter_size=\u00a0\u00bb0&Prime; column_width_percent=\u00a0\u00bb100&Prime; shift_y=\u00a0\u00bb0&Prime; z_index=\u00a0\u00bb0&Prime; uncode_shortcode_id=\u00a0\u00bb115151&Prime; row_height_pixel=\u00a0\u00bb300&Prime; back_color_type=\u00a0\u00bbuncode-palette\u00a0\u00bb][vc_column width=\u00a0\u00bb1\/2&Prime;][vc_single_image media=\u00a0\u00bb110541&Prime; media_width_percent=\u00a0\u00bb100&Prime; media_ratio=\u00a0\u00bbfour-three\u00a0\u00bb uncode_shortcode_id=\u00a0\u00bb106990&Prime;][\/vc_column][vc_column column_width_percent=\u00a0\u00bb100&Prime; position_vertical=\u00a0\u00bbmiddle\u00a0\u00bb gutter_size=\u00a0\u00bb2&Prime; override_padding=\u00a0\u00bbyes\u00a0\u00bb column_padding=\u00a0\u00bb4&Prime; style=\u00a0\u00bbdark\u00a0\u00bb font_family=\u00a0\u00bbfont-136269&Prime; overlay_alpha=\u00a0\u00bb50&Prime; shift_x=\u00a0\u00bb0&Prime; shift_y=\u00a0\u00bb0&Prime; shift_y_down=\u00a0\u00bb0&Prime; z_index=\u00a0\u00bb0&Prime; medium_width=\u00a0\u00bb0&Prime; mobile_width=\u00a0\u00bb0&Prime; width=\u00a0\u00bb1\/2&Prime; uncode_shortcode_id=\u00a0\u00bb681491&Prime;][vc_custom_heading heading_semantic=\u00a0\u00bbh1&Prime; text_size=\u00a0\u00bb\u00a0\u00bb text_weight=\u00a0\u00bb700&Prime; css_animation=\u00a0\u00bbbottom-t-top\u00a0\u00bb animation_speed=\u00a0\u00bb700&Prime; uncode_shortcode_id=\u00a0\u00bb722845&Prime;]FORESTIER[\/vc_custom_heading][vc_column_text text_lead=\u00a0\u00bbyes\u00a0\u00bb css_animation=\u00a0\u00bbbottom-t-top\u00a0\u00bb animation_speed=\u00a0\u00bb700&Prime; animation_delay=\u00a0\u00bb100&Prime; uncode_shortcode_id=\u00a0\u00bb117508&Prime;]Nous intervenons sur la partie Foresti\u00e8re et avons l\u2019enti\u00e8re exp\u00e9rience pour vous proposer des produits tels que : Broyeurs pour pelles, robots ou chargeuses, t\u00eates d\u2019abattage (feller buncher), Cisailles foresti\u00e8res, Grappin d\u2019abattage\u2026 Un choix de marques s\u00e9lectionn\u00e9es tels que, Menzi Muck, Seve, Engcon, TMK, Huldins, Greentec et Mense.[\/vc_column_text][\/vc_column][\/vc_row][vc_row unlock_row_content=\u00a0\u00bbyes\u00a0\u00bb row_height_percent=\u00a0\u00bb0&Prime; override_padding=\u00a0\u00bbyes\u00a0\u00bb h_padding=\u00a0\u00bb0&Prime; top_padding=\u00a0\u00bb0&Prime; bottom_padding=\u00a0\u00bb0&Prime; back_color=\u00a0\u00bbcolor-xsdn\u00a0\u00bb overlay_alpha=\u00a0\u00bb50&Prime; equal_height=\u00a0\u00bbyes\u00a0\u00bb gutter_size=\u00a0\u00bb0&Prime; column_width_percent=\u00a0\u00bb100&Prime; shift_y=\u00a0\u00bb0&Prime; z_index=\u00a0\u00bb0&Prime; inverted_device_order=\u00a0\u00bbyes\u00a0\u00bb uncode_shortcode_id=\u00a0\u00bb198927&Prime; back_color_type=\u00a0\u00bbuncode-palette\u00a0\u00bb row_height_pixel=\u00a0\u00bb300&Prime;][vc_column column_width_percent=\u00a0\u00bb100&Prime; position_vertical=\u00a0\u00bbmiddle\u00a0\u00bb gutter_size=\u00a0\u00bb2&Prime; override_padding=\u00a0\u00bbyes\u00a0\u00bb column_padding=\u00a0\u00bb4&Prime; overlay_alpha=\u00a0\u00bb50&Prime; shift_x=\u00a0\u00bb0&Prime; shift_y=\u00a0\u00bb0&Prime; shift_y_down=\u00a0\u00bb0&Prime; z_index=\u00a0\u00bb0&Prime; medium_width=\u00a0\u00bb0&Prime; mobile_width=\u00a0\u00bb0&Prime; width=\u00a0\u00bb1\/2&Prime; uncode_shortcode_id=\u00a0\u00bb209068&Prime;][vc_custom_heading text_size=\u00a0\u00bbh1&Prime; text_weight=\u00a0\u00bb700&Prime; css_animation=\u00a0\u00bbbottom-t-top\u00a0\u00bb animation_speed=\u00a0\u00bb700&Prime; uncode_shortcode_id=\u00a0\u00bb483138&Prime;]FERROVIAIRE[\/vc_custom_heading][vc_column_text text_lead=\u00a0\u00bbyes\u00a0\u00bb css_animation=\u00a0\u00bbbottom-t-top\u00a0\u00bb animation_speed=\u00a0\u00bb700&Prime; animation_delay=\u00a0\u00bb100&Prime; uncode_shortcode_id=\u00a0\u00bb120215&Prime;]Avec\u00a0notre exp\u00e9rience sur le\u00a0secteur Ferroviaire, vous trouverez au sein de notre catalogue un panel de haute qualit\u00e9 : Application Ferroviaire, Dumper Rail-Route, D\u00e9broussailleuse Rail-Route, Pelle Rail-Route\u2026 rassemblant ainsi les plus polyvalents du domaine : Menzi Muck, Colmar, SEVE<br \/>\nAvec l\u2019aide du constructeur SEVE nous sommes en capacit\u00e9 \u00e0 effectuer toutes op\u00e9rations de maintenance et de retro fit des engins ferroviaires.[\/vc_column_text][\/vc_column][vc_column width=\u00a0\u00bb1\/2&Prime;][vc_single_image media=\u00a0\u00bb110538&Prime; media_width_percent=\u00a0\u00bb100&Prime; media_ratio=\u00a0\u00bbfour-three\u00a0\u00bb uncode_shortcode_id=\u00a0\u00bb214058&Prime;][\/vc_column][\/vc_row][vc_row unlock_row_content=\u00a0\u00bbyes\u00a0\u00bb row_height_percent=\u00a0\u00bb0&Prime; override_padding=\u00a0\u00bbyes\u00a0\u00bb h_padding=\u00a0\u00bb0&Prime; top_padding=\u00a0\u00bb0&Prime; bottom_padding=\u00a0\u00bb0&Prime; back_color=\u00a0\u00bbcolor-101074&Prime; overlay_alpha=\u00a0\u00bb50&Prime; equal_height=\u00a0\u00bbyes\u00a0\u00bb gutter_size=\u00a0\u00bb0&Prime; column_width_percent=\u00a0\u00bb100&Prime; shift_y=\u00a0\u00bb0&Prime; z_index=\u00a0\u00bb0&Prime; uncode_shortcode_id=\u00a0\u00bb174695&Prime; back_color_type=\u00a0\u00bbuncode-palette\u00a0\u00bb][vc_column width=\u00a0\u00bb1\/2&Prime;][vc_gallery el_id=\u00a0\u00bbgallery-639207&Prime; type=\u00a0\u00bbcarousel\u00a0\u00bb medias=\u00a0\u00bb110542,110541,110540,110539,110537,110536,110544,110535&Prime; carousel_lg=\u00a0\u00bb1&Prime; carousel_md=\u00a0\u00bb1&Prime; carousel_sm=\u00a0\u00bb1&Prime; thumb_size=\u00a0\u00bbfour-three\u00a0\u00bb gutter_size=\u00a0\u00bb3&Prime; carousel_interval=\u00a0\u00bb3000&Prime; carousel_navspeed=\u00a0\u00bb400&Prime; carousel_loop=\u00a0\u00bbyes\u00a0\u00bb stage_padding=\u00a0\u00bb0&Prime; single_overlay_opacity=\u00a0\u00bb1&Prime; single_image_anim=\u00a0\u00bbno\u00a0\u00bb single_padding=\u00a0\u00bb2&Prime; single_border=\u00a0\u00bbyes\u00a0\u00bb uncode_shortcode_id=\u00a0\u00bb646799&Prime;][\/vc_column][vc_column column_width_percent=\u00a0\u00bb100&Prime; position_vertical=\u00a0\u00bbmiddle\u00a0\u00bb gutter_size=\u00a0\u00bb2&Prime; override_padding=\u00a0\u00bbyes\u00a0\u00bb column_padding=\u00a0\u00bb4&Prime; style=\u00a0\u00bbdark\u00a0\u00bb font_family=\u00a0\u00bbfont-136269&Prime; overlay_alpha=\u00a0\u00bb50&Prime; shift_x=\u00a0\u00bb0&Prime; shift_y=\u00a0\u00bb0&Prime; shift_y_down=\u00a0\u00bb0&Prime; z_index=\u00a0\u00bb0&Prime; medium_width=\u00a0\u00bb0&Prime; mobile_width=\u00a0\u00bb0&Prime; width=\u00a0\u00bb1\/2&Prime; uncode_shortcode_id=\u00a0\u00bb681491&Prime;][vc_custom_heading heading_semantic=\u00a0\u00bbh1&Prime; text_size=\u00a0\u00bb\u00a0\u00bb text_weight=\u00a0\u00bb700&Prime; text_transform=\u00a0\u00bbuppercase\u00a0\u00bb css_animation=\u00a0\u00bbbottom-t-top\u00a0\u00bb animation_speed=\u00a0\u00bb700&Prime; uncode_shortcode_id=\u00a0\u00bb144038&Prime;]Nos produits[\/vc_custom_heading][uncode_list larger=\u00a0\u00bbyes\u00a0\u00bb icon=\u00a0\u00bbfa fa-check2&Prime; icon_color=\u00a0\u00bbcolor-xsdn\u00a0\u00bb css_animation=\u00a0\u00bbbottom-t-top\u00a0\u00bb animation_speed=\u00a0\u00bb700&Prime; animation_delay=\u00a0\u00bb100&Prime; uncode_shortcode_id=\u00a0\u00bb184179&Prime; icon_color_type=\u00a0\u00bbuncode-palette\u00a0\u00bb]<\/p>\n<ul>\n<li>Broyeurs SEVE<\/li>\n<li>Remorque RAF 32<\/li>\n<li>Pelle araign\u00e9e Menzi Muck<\/li>\n<li>Pelle Rail route Menzi Muck<\/li>\n<li>Pelle Rail route Colmar<\/li>\n<li>Perche d\u2019\u00e9lagage<\/li>\n<li>Broyeur Radio command\u00e9 T-RAZ<\/li>\n<li>Pince<\/li>\n<\/ul>\n<p>[\/uncode_list][vc_button hover_fx=\u00a0\u00bbfull-colored\u00a0\u00bb outline=\u00a0\u00bbyes\u00a0\u00bb border_width=\u00a0\u00bb0&Prime; css_animation=\u00a0\u00bbbottom-t-top\u00a0\u00bb animation_speed=\u00a0\u00bb700&Prime; animation_delay=\u00a0\u00bb200&Prime; link=\u00a0\u00bburl:mailto%3Acontact%40evl-mat.com|target:_blank\u00a0\u00bb uncode_shortcode_id=\u00a0\u00bb198785&Prime;]NOUS CONTACTER[\/vc_button][\/vc_column][\/vc_row][vc_row row_height_percent=\u00a0\u00bb0&Prime; override_padding=\u00a0\u00bbyes\u00a0\u00bb h_padding=\u00a0\u00bb2&Prime; top_padding=\u00a0\u00bb3&Prime; bottom_padding=\u00a0\u00bb3&Prime; overlay_alpha=\u00a0\u00bb50&Prime; gutter_size=\u00a0\u00bb3&Prime; column_width_percent=\u00a0\u00bb100&Prime; shift_y=\u00a0\u00bb0&Prime; z_index=\u00a0\u00bb0&Prime; uncode_shortcode_id=\u00a0\u00bb886030&Prime;][vc_column column_width_percent=\u00a0\u00bb100&Prime; position_vertical=\u00a0\u00bbmiddle\u00a0\u00bb align_horizontal=\u00a0\u00bbalign_center\u00a0\u00bb gutter_size=\u00a0\u00bb3&Prime; overlay_alpha=\u00a0\u00bb50&Prime; shift_x=\u00a0\u00bb0&Prime; shift_y=\u00a0\u00bb0&Prime; shift_y_down=\u00a0\u00bb0&Prime; z_index=\u00a0\u00bb0&Prime; medium_width=\u00a0\u00bb0&Prime; mobile_width=\u00a0\u00bb0&Prime; width=\u00a0\u00bb1\/1&Prime; uncode_shortcode_id=\u00a0\u00bb823335&Prime;][vc_icon icon_image=\u00a0\u00bb110534&Prime; media_size=\u00a0\u00bb200&Prime; text_lead=\u00a0\u00bbyes\u00a0\u00bb text_reduced=\u00a0\u00bbyes\u00a0\u00bb uncode_shortcode_id=\u00a0\u00bb772841&Prime;]4 avenue du Parc ZI de Poigny<br \/>\n77160 POIGNY<br \/>\n<a href=\"mailto:contact@evl-mat.com\">contact@evl-mat.com<\/a>[\/vc_icon][\/vc_column][\/vc_row]<\/p>\n","protected":false},"excerpt":{"rendered":"<p>[vc_row unlock_row_content=\u00a0\u00bbyes\u00a0\u00bb row_height_percent=\u00a0\u00bb80&Prime; override_padding=\u00a0\u00bbyes\u00a0\u00bb h_padding=\u00a0\u00bb4&Prime; top_padding=\u00a0\u00bb2&Prime; bottom_padding=\u00a0\u00bb2&Prime; back_color=\u00a0\u00bbcolor-lxmt\u00a0\u00bb back_image=\u00a0\u00bb110536&Prime; back_position=\u00a0\u00bbcenter bottom\u00a0\u00bb parallax=\u00a0\u00bbyes\u00a0\u00bb overlay_color=\u00a0\u00bbcolor-jevc\u00a0\u00bb overlay_alpha=\u00a0\u00bb7&Prime; gutter_size=\u00a0\u00bb3&Prime; column_width_percent=\u00a0\u00bb100&Prime; shift_y=\u00a0\u00bb0&Prime; z_index=\u00a0\u00bb0&Prime; uncode_shortcode_id=\u00a0\u00bb203672&Prime; back_color_type=\u00a0\u00bbuncode-palette\u00a0\u00bb [&hellip;]<\/p>\n","protected":false},"author":1,"featured_media":110536,"parent":0,"menu_order":0,"comment_status":"closed","ping_status":"closed","template":"","meta":{"footnotes":""},"class_list":["post-56995","page","type-page","status-publish","has-post-thumbnail","hentry"],"yoast_head":"<!-- This site is optimized with the Yoast SEO plugin v26.8 - https:\/\/yoast.com\/product\/yoast-seo-wordpress\/ -->\n<title>EVL MAT - Equipements et technologies pour le Forestier et le Ferroviaire<\/title>\n<meta name=\"description\" content=\"EvL Mat propose un large panel d\u2019\u00e9quipements, de technologies adapt\u00e9es et avanc\u00e9es au service de l\u2019am\u00e9lioration de ces diff\u00e9rentes sp\u00e9cificit\u00e9s que sont l\u2019exploitation dans ces 2 domaines : Forestier et Ferroviaire\" \/>\n<meta name=\"robots\" content=\"index, follow, max-snippet:-1, max-image-preview:large, max-video-preview:-1\" \/>\n<link rel=\"canonical\" href=\"https:\/\/evl-mat.com\/\" \/>\n<meta property=\"og:locale\" content=\"fr_FR\" \/>\n<meta property=\"og:type\" content=\"article\" \/>\n<meta property=\"og:title\" content=\"EVL MAT - Equipements et technologies pour le Forestier et le Ferroviaire\" \/>\n<meta property=\"og:description\" content=\"EvL Mat propose un large panel d\u2019\u00e9quipements, de technologies adapt\u00e9es et avanc\u00e9es au service de l\u2019am\u00e9lioration de ces diff\u00e9rentes sp\u00e9cificit\u00e9s que sont l\u2019exploitation dans ces 2 domaines : Forestier et Ferroviaire\" \/>\n<meta property=\"og:url\" content=\"https:\/\/evl-mat.com\/\" \/>\n<meta property=\"og:site_name\" content=\"EVL MAT\" \/>\n<meta property=\"article:modified_time\" content=\"2022-12-11T15:30:49+00:00\" \/>\n<meta property=\"og:image\" content=\"https:\/\/evl-mat.com\/wp-content\/uploads\/2022\/06\/20200429_112040.jpeg\" \/>\n\t<meta property=\"og:image:width\" content=\"1980\" \/>\n\t<meta property=\"og:image:height\" content=\"1485\" \/>\n\t<meta property=\"og:image:type\" content=\"image\/jpeg\" \/>\n<meta name=\"twitter:card\" content=\"summary_large_image\" \/>\n<meta name=\"twitter:label1\" content=\"Dur\u00e9e de lecture estim\u00e9e\" \/>\n\t<meta name=\"twitter:data1\" content=\"3 minutes\" \/>\n<script type=\"application\/ld+json\" class=\"yoast-schema-graph\">{\"@context\":\"https:\/\/schema.org\",\"@graph\":[{\"@type\":\"WebPage\",\"@id\":\"https:\/\/evl-mat.com\/\",\"url\":\"https:\/\/evl-mat.com\/\",\"name\":\"EVL MAT - Equipements et technologies pour le Forestier et le Ferroviaire\",\"isPartOf\":{\"@id\":\"https:\/\/evl-mat.com\/#website\"},\"primaryImageOfPage\":{\"@id\":\"https:\/\/evl-mat.com\/#primaryimage\"},\"image\":{\"@id\":\"https:\/\/evl-mat.com\/#primaryimage\"},\"thumbnailUrl\":\"https:\/\/evl-mat.com\/wp-content\/uploads\/2022\/06\/20200429_112040.jpeg\",\"datePublished\":\"2017-05-05T10:07:34+00:00\",\"dateModified\":\"2022-12-11T15:30:49+00:00\",\"description\":\"EvL Mat propose un large panel d\u2019\u00e9quipements, de technologies adapt\u00e9es et avanc\u00e9es au service de l\u2019am\u00e9lioration de ces diff\u00e9rentes sp\u00e9cificit\u00e9s que sont l\u2019exploitation dans ces 2 domaines : Forestier et Ferroviaire\",\"breadcrumb\":{\"@id\":\"https:\/\/evl-mat.com\/#breadcrumb\"},\"inLanguage\":\"fr-FR\",\"potentialAction\":[{\"@type\":\"ReadAction\",\"target\":[\"https:\/\/evl-mat.com\/\"]}]},{\"@type\":\"ImageObject\",\"inLanguage\":\"fr-FR\",\"@id\":\"https:\/\/evl-mat.com\/#primaryimage\",\"url\":\"https:\/\/evl-mat.com\/wp-content\/uploads\/2022\/06\/20200429_112040.jpeg\",\"contentUrl\":\"https:\/\/evl-mat.com\/wp-content\/uploads\/2022\/06\/20200429_112040.jpeg\",\"width\":1980,\"height\":1485},{\"@type\":\"BreadcrumbList\",\"@id\":\"https:\/\/evl-mat.com\/#breadcrumb\",\"itemListElement\":[{\"@type\":\"ListItem\",\"position\":1,\"name\":\"Accueil\",\"item\":\"https:\/\/evl-mat.com\/\"},{\"@type\":\"ListItem\",\"position\":2,\"name\":\"HOMEPAGE\"}]},{\"@type\":\"WebSite\",\"@id\":\"https:\/\/evl-mat.com\/#website\",\"url\":\"https:\/\/evl-mat.com\/\",\"name\":\"EVL MAT\",\"description\":\"Forestier et Ferroviaire\",\"potentialAction\":[{\"@type\":\"SearchAction\",\"target\":{\"@type\":\"EntryPoint\",\"urlTemplate\":\"https:\/\/evl-mat.com\/?s={search_term_string}\"},\"query-input\":{\"@type\":\"PropertyValueSpecification\",\"valueRequired\":true,\"valueName\":\"search_term_string\"}}],\"inLanguage\":\"fr-FR\"}]}<\/script>\n<!-- \/ Yoast SEO plugin. -->","yoast_head_json":{"title":"EVL MAT - Equipements et technologies pour le Forestier et le Ferroviaire","description":"EvL Mat propose un large panel d\u2019\u00e9quipements, de technologies adapt\u00e9es et avanc\u00e9es au service de l\u2019am\u00e9lioration de ces diff\u00e9rentes sp\u00e9cificit\u00e9s que sont l\u2019exploitation dans ces 2 domaines : Forestier et Ferroviaire","robots":{"index":"index","follow":"follow","max-snippet":"max-snippet:-1","max-image-preview":"max-image-preview:large","max-video-preview":"max-video-preview:-1"},"canonical":"https:\/\/evl-mat.com\/","og_locale":"fr_FR","og_type":"article","og_title":"EVL MAT - Equipements et technologies pour le Forestier et le Ferroviaire","og_description":"EvL Mat propose un large panel d\u2019\u00e9quipements, de technologies adapt\u00e9es et avanc\u00e9es au service de l\u2019am\u00e9lioration de ces diff\u00e9rentes sp\u00e9cificit\u00e9s que sont l\u2019exploitation dans ces 2 domaines : Forestier et Ferroviaire","og_url":"https:\/\/evl-mat.com\/","og_site_name":"EVL MAT","article_modified_time":"2022-12-11T15:30:49+00:00","og_image":[{"width":1980,"height":1485,"url":"https:\/\/evl-mat.com\/wp-content\/uploads\/2022\/06\/20200429_112040.jpeg","type":"image\/jpeg"}],"twitter_card":"summary_large_image","twitter_misc":{"Dur\u00e9e de lecture estim\u00e9e":"3 minutes"},"schema":{"@context":"https:\/\/schema.org","@graph":[{"@type":"WebPage","@id":"https:\/\/evl-mat.com\/","url":"https:\/\/evl-mat.com\/","name":"EVL MAT - Equipements et technologies pour le Forestier et le Ferroviaire","isPartOf":{"@id":"https:\/\/evl-mat.com\/#website"},"primaryImageOfPage":{"@id":"https:\/\/evl-mat.com\/#primaryimage"},"image":{"@id":"https:\/\/evl-mat.com\/#primaryimage"},"thumbnailUrl":"https:\/\/evl-mat.com\/wp-content\/uploads\/2022\/06\/20200429_112040.jpeg","datePublished":"2017-05-05T10:07:34+00:00","dateModified":"2022-12-11T15:30:49+00:00","description":"EvL Mat propose un large panel d\u2019\u00e9quipements, de technologies adapt\u00e9es et avanc\u00e9es au service de l\u2019am\u00e9lioration de ces diff\u00e9rentes sp\u00e9cificit\u00e9s que sont l\u2019exploitation dans ces 2 domaines : Forestier et Ferroviaire","breadcrumb":{"@id":"https:\/\/evl-mat.com\/#breadcrumb"},"inLanguage":"fr-FR","potentialAction":[{"@type":"ReadAction","target":["https:\/\/evl-mat.com\/"]}]},{"@type":"ImageObject","inLanguage":"fr-FR","@id":"https:\/\/evl-mat.com\/#primaryimage","url":"https:\/\/evl-mat.com\/wp-content\/uploads\/2022\/06\/20200429_112040.jpeg","contentUrl":"https:\/\/evl-mat.com\/wp-content\/uploads\/2022\/06\/20200429_112040.jpeg","width":1980,"height":1485},{"@type":"BreadcrumbList","@id":"https:\/\/evl-mat.com\/#breadcrumb","itemListElement":[{"@type":"ListItem","position":1,"name":"Accueil","item":"https:\/\/evl-mat.com\/"},{"@type":"ListItem","position":2,"name":"HOMEPAGE"}]},{"@type":"WebSite","@id":"https:\/\/evl-mat.com\/#website","url":"https:\/\/evl-mat.com\/","name":"EVL MAT","description":"Forestier et Ferroviaire","potentialAction":[{"@type":"SearchAction","target":{"@type":"EntryPoint","urlTemplate":"https:\/\/evl-mat.com\/?s={search_term_string}"},"query-input":{"@type":"PropertyValueSpecification","valueRequired":true,"valueName":"search_term_string"}}],"inLanguage":"fr-FR"}]}},"_links":{"self":[{"href":"https:\/\/evl-mat.com\/index.php?rest_route=\/wp\/v2\/pages\/56995","targetHints":{"allow":["GET"]}}],"collection":[{"href":"https:\/\/evl-mat.com\/index.php?rest_route=\/wp\/v2\/pages"}],"about":[{"href":"https:\/\/evl-mat.com\/index.php?rest_route=\/wp\/v2\/types\/page"}],"author":[{"embeddable":true,"href":"https:\/\/evl-mat.com\/index.php?rest_route=\/wp\/v2\/users\/1"}],"replies":[{"embeddable":true,"href":"https:\/\/evl-mat.com\/index.php?rest_route=%2Fwp%2Fv2%2Fcomments&post=56995"}],"version-history":[{"count":48,"href":"https:\/\/evl-mat.com\/index.php?rest_route=\/wp\/v2\/pages\/56995\/revisions"}],"predecessor-version":[{"id":110608,"href":"https:\/\/evl-mat.com\/index.php?rest_route=\/wp\/v2\/pages\/56995\/revisions\/110608"}],"wp:featuredmedia":[{"embeddable":true,"href":"https:\/\/evl-mat.com\/index.php?rest_route=\/wp\/v2\/media\/110536"}],"wp:attachment":[{"href":"https:\/\/evl-mat.com\/index.php?rest_route=%2Fwp%2Fv2%2Fmedia&parent=56995"}],"curies":[{"name":"wp","href":"https:\/\/api.w.org\/{rel}","templated":true}]}}